{"id":202,"date":"2023-02-25T21:41:08","date_gmt":"2023-02-25T20:41:08","guid":{"rendered":"https:\/\/lafauteaunet.net\/?page_id=202"},"modified":"2025-11-29T19:17:17","modified_gmt":"2025-11-29T18:17:17","slug":"peinture","status":"publish","type":"page","link":"https:\/\/lafauteaunet.net\/?page_id=202","title":{"rendered":"Peinture v\u00e9ritable"},"content":{"rendered":"\n<div class=\"wp-block-columns is-layout-flex wp-container-core-columns-is-layout-28f84493 wp-block-columns-is-layout-flex\">\n<div class=\"wp-block-column is-layout-flow wp-block-column-is-layout-flow\">\n<h4 class=\"wp-block-heading has-large-font-size\">Peinture v\u00e9ritable<\/h4>\n<\/div>\n\n\n\n<div class=\"wp-block-column is-layout-flow wp-block-column-is-layout-flow\">\n<div class=\"wp-block-buttons is-content-justification-right is-layout-flex wp-container-core-buttons-is-layout-d445cf74 wp-block-buttons-is-layout-flex\"><\/div>\n<\/div>\n<\/div>\n\n\n\n<div style=\"height:60px\" aria-hidden=\"true\" class=\"wp-block-spacer\"><\/div>\n\n\n\n<div class=\"wp-block-columns is-layout-flex wp-container-core-columns-is-layout-54c329c4 wp-block-columns-is-layout-flex\" style=\"margin-top:0;margin-bottom:0;padding-top:0;padding-right:0;padding-bottom:0;padding-left:0\">\n<div class=\"wp-block-column is-layout-flow wp-block-column-is-layout-flow\" style=\"flex-basis:300px\"><\/div>\n\n\n\n<div class=\"wp-block-column is-layout-flow wp-block-column-is-layout-flow\" style=\"flex-basis:300px\">\n<figure class=\"wp-block-image aligncenter size-full\"><a href=\"https:\/\/lafauteaunet.net\/?page_id=986\"><img loading=\"lazy\" decoding=\"async\" width=\"900\" height=\"800\" src=\"https:\/\/lafauteaunet.net\/wp-content\/uploads\/A2324-10x.png\" alt=\"\" class=\"wp-image-205\" srcset=\"https:\/\/lafauteaunet.net\/wp-content\/uploads\/A2324-10x.png 900w, https:\/\/lafauteaunet.net\/wp-content\/uploads\/A2324-10x-300x267.png 300w, https:\/\/lafauteaunet.net\/wp-content\/uploads\/A2324-10x-768x683.png 768w\" sizes=\"auto, (max-width: 900px) 100vw, 900px\" \/><\/a><figcaption class=\"wp-element-caption\">Peinture 1<\/figcaption><\/figure>\n<\/div>\n\n\n\n<div class=\"wp-block-column is-layout-flow wp-block-column-is-layout-flow\" style=\"padding-top:0;padding-right:0;padding-bottom:0;padding-left:0;flex-basis:300px\">\n<figure class=\"wp-block-image aligncenter size-full\"><a href=\"https:\/\/lafauteaunet.net\/?page_id=1121\"><img loading=\"lazy\" decoding=\"async\" width=\"900\" height=\"800\" src=\"https:\/\/lafauteaunet.net\/wp-content\/uploads\/A4484-10j16x.png\" alt=\"\" class=\"wp-image-219\" srcset=\"https:\/\/lafauteaunet.net\/wp-content\/uploads\/A4484-10j16x.png 900w, https:\/\/lafauteaunet.net\/wp-content\/uploads\/A4484-10j16x-300x267.png 300w, https:\/\/lafauteaunet.net\/wp-content\/uploads\/A4484-10j16x-768x683.png 768w\" sizes=\"auto, (max-width: 900px) 100vw, 900px\" \/><\/a><figcaption class=\"wp-element-caption\">Peinture 2<\/figcaption><\/figure>\n<\/div>\n\n\n\n<div class=\"wp-block-column is-layout-flow wp-block-column-is-layout-flow\" style=\"flex-basis:300px\">\n<figure class=\"wp-block-image aligncenter size-full\"><a href=\"https:\/\/lafauteaunet.net\/?page_id=1151\"><img loading=\"lazy\" decoding=\"async\" width=\"900\" height=\"800\" src=\"https:\/\/lafauteaunet.net\/wp-content\/uploads\/B1676-10j.png\" alt=\"\" class=\"wp-image-1153\" srcset=\"https:\/\/lafauteaunet.net\/wp-content\/uploads\/B1676-10j.png 900w, https:\/\/lafauteaunet.net\/wp-content\/uploads\/B1676-10j-300x267.png 300w, https:\/\/lafauteaunet.net\/wp-content\/uploads\/B1676-10j-240x213.png 240w, https:\/\/lafauteaunet.net\/wp-content\/uploads\/B1676-10j-768x683.png 768w\" sizes=\"auto, (max-width: 900px) 100vw, 900px\" \/><\/a><figcaption class=\"wp-element-caption\">Peinture 3<\/figcaption><\/figure>\n<\/div>\n<\/div>\n\n\n\n<p>Le plus souvent de la vraie peinture, concr\u00e8te, trouv\u00e9e dans la rue ou sur des conteneurs \u00e0 d\u00e9chets, \u00e9caill\u00e9e, oxyd\u00e9e, retravaill\u00e9e par le temps.<br>Cette peinture a \u00e9t\u00e9 \u00e9tal\u00e9e par d&rsquo;autres (graffeurs, artisans&#8230;), a subi entropies et oxydations diverses, et toute r\u00e9f\u00e9rence, notamment \u00e0 la Peinture, ne saurait \u00eatre que pure co\u00efncidence, due \u00e0 l&rsquo;\u0153il du spectateur\u2026<\/p>\n\n\n\n<div class=\"plan\" id=\"idplan\" onmouseleave=\"classList.toggle('active')\">\n    <ul>\n      <li><a href=\"https:\/\/lafauteaunet.net\/\">Accueil<\/a><\/li> \n      <li><a href=\"https:\/\/lafauteaunet.net\/?page_id=562\">Auteur<\/a><\/li>\n      <li><a href=\"https:\/\/lafauteaunet.net\/?page_id=202\">Peinture(s)<\/a><\/li>\n      <li class=\"sp\"><a href=\"https:\/\/lafauteaunet.net\/?page_id=202\">Peinture 1<\/a><\/li> \n      <li class=\"sp\"><a href=\"https:\/\/lafauteaunet.net\/?page_id=1121\">Peinture 2<\/a><\/li> \n      <li class=\"sp\"><a href=\"https:\/\/lafauteaunet.net\/?page_id=1151\">Peinture 3<\/a><\/li>\n      <li><a href=\"https:\/\/lafauteaunet.net\/?page_id=299\">Architectures<\/a><\/li>\n      <li class=\"sp\"><a href=\"https:\/\/lafauteaunet.net\/?page_id=834\">Modernes<\/a><\/li>\n      <li class=\"sp\"><a href=\"https:\/\/lafauteaunet.net\/?page_id=191\">Sagrada Familia<\/a><\/li>\n      <li class=\"sp\"><a href=\"https:\/\/lafauteaunet.net\/?page_id=139\">Baroques<\/a><\/li>\n      <li class=\"sp\"><a href=\"https:\/\/lafauteaunet.net\/?page_id=629\">Gothiques<\/a><\/li>\n      <li><a href=\"https:\/\/lafauteaunet.net\/?page_id=1034\">C&rsquo;est de la balle<\/a><\/li>\n      <li><a href=\"https:\/\/lafauteaunet.net\/?page_id=548\">Obsructions<\/a><\/li>\n      <li><a href=\"https:\/\/lafauteaunet.net\/?page_id=1850\">Paysages d&rsquo;ici&#8230;<\/a><\/li>\n      <li><a href=\"https:\/\/lafauteaunet.net\/?page_id=1812\">Blancs de blancs<\/a><\/li>\n      <li><a href=\"https:\/\/lafauteaunet.net\/?page_id=1951\">Sky lines<\/a><\/li>\n      <li><a href=\"https:\/\/lafauteaunet.net\/?page_id=1960\">Principia<\/a><\/li>\n      <li><a href=\"https:\/\/lafauteaunet.net\/?page_id=2027\">Arbres<\/a><\/li>\n      <li><a href=\"https:\/\/lafauteaunet.net\/?page_id=2082\">En passant<\/a><\/li>\n    <\/ul>\n<\/div>\n\n<div class=\"bout\" id=\"montremenu\"> <p>\u2630<\/p><\/div>\n\n<style>\n.bout {width: 30px; height: 30px; position: fixed; top: 82px;  right: 12px;\n  padding: 5px 5px 5px 10px; font-size:30px;\n  background-color: transparent; color: rgb(200,200,200); cursor: pointer; }\n.bout p { margin:0px; }\n.bout:hover { opacity:0.7; }\n\n.plan { display: none; background-color: rgba(30,30,30,0.8); position: fixed; \n  top: 20px;  right: 0px;  width: 250px;  height: 100%; }\n\n.plan ul li.sp {margin-left:30px;}\n.plan.active { display: inline-block; }\n.plan ul {  position: relative;}\n.plan ul li a {  font-size: 16px; color: rgb(200,200,200);}\n.plan ul li a:hover {  text-decoration: none; opacity:0.7}\n.plan a { padding:0; text-decoration: none; }\n<\/style>\n\n<script>\n const  planvu = document.getElementById(\"idplan\")\n const activateur = document.getElementById(\"montremenu\")\n      activateur.addEventListener('click', () => \n      { planvu.classList.toggle('active'); });\n<\/script>\n\n\n\n<a class=\"pleinecran\" href=\"#\" onclick=\"PleinEcran();\" id=\"Idpleinecran\"> \u2585 <\/a>\n<style>\n  .pleinecran{ display:inline-block; position: fixed;  top:36px; right:8px;\n    padding: 0px 15px; font-size: 32px; font-family:\"dm-sans\"\n    background-color: transparent; color:rgb(160,160,160) !important;\n    text-decoration:unset !important; }\n  .pleinecran:hover { opacity: 0.7 }\n<\/style>\n\n<script>\n    function PleinEcran(_element) {\n     var monElement = _element||document.documentElement;\n     if (document.mozFullScreenEnabled) {\n\tif (!document.mozFullScreenElement) {\n          monElement.mozRequestFullScreen();} \n        else \n        {document.mozCancelFullScreen();} }\n\n      if (document.fullscreenElement) {\n\tif (!document.fullscreenElement) {\n          monElement.requestFullscreen(); }  }\n\n     if (document.webkitFullscreenEnabled) {\n\tif (!document.webkitFullscreenElement) {\n          monElement.webkitRequestFullscreen(); } \n        else {\n          document.webkitExitFullscreen(); }  }\n        \n      if (document.msFullscreenEnabled) {\n\tif (!document.msFullscreenElement) {\n          monElement.msRequestFullscreen();\n        } else {\n          document.msExitFullscreen(); } }\n    }\n<\/script>\n\n\n\n<div class=\"boutonretour\" onclick=\"window.open(&quot;https:\/\/lafauteaunet.net\/&quot;,&quot;_self&quot;)\"> \u039b <\/div>\n<style>\n.boutonretour{ display:inline-block; position: fixed;\n  width:30px; height:30px; top:-15px; right:10px;\n  font-size:32px; text-align: center; padding:10px;\n  background-color: transparent; color:rgb(200,200,200);  }\n.boutonretour:hover { color:rgba(200,200,0,0.7); cursor: pointer;}\n<\/style>\n","protected":false},"excerpt":{"rendered":"<p>Peinture v\u00e9ritable Le plus souvent de la vraie peinture, concr\u00e8te, trouv\u00e9e dans la rue ou sur des conteneurs \u00e0 d\u00e9chets, \u00e9caill\u00e9e, oxyd\u00e9e, retravaill\u00e9e par le temps.Cette peinture a \u00e9t\u00e9 \u00e9tal\u00e9e par d&rsquo;autres (graffeurs, artisans&#8230;), a subi entropies et oxydations diverses, et toute r\u00e9f\u00e9rence, notamment \u00e0 la Peinture, ne saurait \u00eatre que pure co\u00efncidence, due \u00e0 [&hellip;]<\/p>\n","protected":false},"author":1,"featured_media":0,"parent":14,"menu_order":0,"comment_status":"closed","ping_status":"closed","template":"blank","meta":{"_uag_custom_page_level_css":"","ngg_post_thumbnail":0,"footnotes":""},"class_list":["post-202","page","type-page","status-publish","hentry"],"uagb_featured_image_src":{"full":false,"thumbnail":false,"medium":false,"medium_large":false,"large":false,"1536x1536":false,"2048x2048":false},"uagb_author_info":{"display_name":"fautif","author_link":"https:\/\/lafauteaunet.net\/?author=1"},"uagb_comment_info":0,"uagb_excerpt":"Peinture v\u00e9ritable Le plus souvent de la vraie peinture, concr\u00e8te, trouv\u00e9e dans la rue ou sur des conteneurs \u00e0 d\u00e9chets, \u00e9caill\u00e9e, oxyd\u00e9e, retravaill\u00e9e par le temps.Cette peinture a \u00e9t\u00e9 \u00e9tal\u00e9e par d&rsquo;autres (graffeurs, artisans&#8230;), a subi entropies et oxydations diverses, et toute r\u00e9f\u00e9rence, notamment \u00e0 la Peinture, ne saurait \u00eatre que pure co\u00efncidence, due \u00e0\u2026","_links":{"self":[{"href":"https:\/\/lafauteaunet.net\/index.php?rest_route=\/wp\/v2\/pages\/202","targetHints":{"allow":["GET"]}}],"collection":[{"href":"https:\/\/lafauteaunet.net\/index.php?rest_route=\/wp\/v2\/pages"}],"about":[{"href":"https:\/\/lafauteaunet.net\/index.php?rest_route=\/wp\/v2\/types\/page"}],"author":[{"embeddable":true,"href":"https:\/\/lafauteaunet.net\/index.php?rest_route=\/wp\/v2\/users\/1"}],"replies":[{"embeddable":true,"href":"https:\/\/lafauteaunet.net\/index.php?rest_route=%2Fwp%2Fv2%2Fcomments&post=202"}],"version-history":[{"count":62,"href":"https:\/\/lafauteaunet.net\/index.php?rest_route=\/wp\/v2\/pages\/202\/revisions"}],"predecessor-version":[{"id":2375,"href":"https:\/\/lafauteaunet.net\/index.php?rest_route=\/wp\/v2\/pages\/202\/revisions\/2375"}],"up":[{"embeddable":true,"href":"https:\/\/lafauteaunet.net\/index.php?rest_route=\/wp\/v2\/pages\/14"}],"wp:attachment":[{"href":"https:\/\/lafauteaunet.net\/index.php?rest_route=%2Fwp%2Fv2%2Fmedia&parent=202"}],"curies":[{"name":"wp","href":"https:\/\/api.w.org\/{rel}","templated":true}]}}